{"id":639,"date":"2023-11-30T14:54:34","date_gmt":"2023-11-30T13:54:34","guid":{"rendered":"https:\/\/flyfishingposts.com\/?page_id=639"},"modified":"2025-12-27T06:22:38","modified_gmt":"2025-12-27T05:22:38","slug":"domov","status":"publish","type":"page","link":"https:\/\/flyfishingposts.com\/","title":{"rendered":"Domov"},"content":{"rendered":"<div id=\"pl-639\"  class=\"panel-layout\" ><div id=\"pg-639-0\"  class=\"panel-grid panel-no-style\" ><div id=\"pgc-639-0-0\"  class=\"panel-grid-cell panel-grid-cell-empty\" ><\/div><div id=\"pgc-639-0-1\"  class=\"panel-grid-cell panel-grid-cell-mobile-last\" ><div id=\"panel-639-0-1-0\" class=\"so-panel widget widget_circleicon-widget panel-first-child panel-last-child\" data-index=\"0\" ><div class=\"panel-widget-style panel-widget-style-for-639-0-1-0\" >\t\t<div class=\"circle-icon-box circle-icon-position-left circle-icon-hide-box circle-icon-size-medium \">\n\t\t\t\t\t\t\t<div class=\"circle-icon-wrapper\">\n\t\t\t\t\t\t\t\t\t\t<a href=\"https:\/\/flyfishingposts.com\/?page_id=2979\" class=\"link-icon\" >\t\t\t\t\t<div class=\"circle-icon\" >\n\t\t\t\t\t\t\t\t\t\t\t\t\t<div\n\t\t\t\t\t\t\t\tclass=\"fa fa-envelope\"\n\t\t\t\t\t\t\t\tstyle=\"color: #c95000\"\t\t\t\t\t\t\t><\/div>\n\t\t\t\t\t\t\t\t\t\t\t<\/div>\n\t\t\t\t\t<\/a>\t\t\t\t<\/div>\n\t\t\t\n\t\t\t\t\t\t\t<a\n\t\t\t\t\thref=\"https:\/\/flyfishingposts.com\/?page_id=2979\"\n\t\t\t\t\tclass=\"link-title\" \t\t\t\t>\n\t\t\t\t\t\t\t\t\t\t<h4 style=\"color: #c95000\">\n\t\t\t\t\tPrejemanje obvestil o novih objavah\t\t\t\t<\/h4>\n\t\t\t\t\t\t\t\t\t\t<\/a>\n\t\t\t\n\t\t\t\t\t\t\t<p class=\"text\" style=\"color: #d1d1d1\">\n\t\t\t\tNa tej povezavi najdete obrazec, katerega izpolnite in ob vsaki novi objavi na spletni strani FFP \/ Fly Fishing Posts, Objave iz sveta muharjenja boste seznanjeni po elektronski po\u0161ti.\t\t\t<\/p>\n\t\t\t\t\t\t\t\t\t\t<a\n\t\t\t\t\thref=\"https:\/\/flyfishingposts.com\/?page_id=2979\"\n\t\t\t\t\tclass=\"more-button\"\n\t\t\t\t\tstyle=\"color: #d1d1d1\"\t\t\t\t>\n\t\t\t\t\tVstopi\t\t\t\t\t<i><\/i>\n\t\t\t\t<\/a>\n\t\t\t\t\t<\/div>\n\t\t<\/div><\/div><\/div><div id=\"pgc-639-0-2\"  class=\"panel-grid-cell panel-grid-cell-empty\" ><\/div><\/div><div id=\"pg-639-1\"  class=\"panel-grid panel-no-style\" ><div id=\"pgc-639-1-0\"  class=\"panel-grid-cell\" ><div id=\"panel-639-1-0-0\" class=\"so-panel widget widget_circleicon-widget panel-first-child panel-last-child\" data-index=\"1\" ><div class=\"panel-widget-style panel-widget-style-for-639-1-0-0\" >\t\t<div class=\"circle-icon-box circle-icon-position-bottom circle-icon-hide-box circle-icon-size-large \">\n\t\t\t\t\t\t\t<div class=\"circle-icon-wrapper\">\n\t\t\t\t\t\t\t\t\t\t<a href=\"https:\/\/www.youtube.com\/channel\/UCErh6Id6UFvrlWCO3p0WISg\" class=\"link-icon\" target=\"_blank\">\t\t\t\t\t<div class=\"circle-icon\" >\n\t\t\t\t\t\t\t\t\t\t\t\t\t<div\n\t\t\t\t\t\t\t\tclass=\"fa fa-play-circle\"\n\t\t\t\t\t\t\t\tstyle=\"color: #c95000\"\t\t\t\t\t\t\t><\/div>\n\t\t\t\t\t\t\t\t\t\t\t<\/div>\n\t\t\t\t\t<\/a>\t\t\t\t<\/div>\n\t\t\t\n\t\t\t\t\t\t\t<a\n\t\t\t\t\thref=\"https:\/\/www.youtube.com\/channel\/UCErh6Id6UFvrlWCO3p0WISg\"\n\t\t\t\t\tclass=\"link-title\" target=&quot;_blank&quot;\t\t\t\t>\n\t\t\t\t\t\t\t\t\t\t<h4 style=\"color: #c95000\">\n\t\t\t\t\tFFP Fly Fishing Posts YouTube kanal\t\t\t\t<\/h4>\n\t\t\t\t\t\t\t\t\t\t<\/a>\n\t\t\t\n\t\t\t\t\t\t\t\t\t\t<a\n\t\t\t\t\thref=\"https:\/\/www.youtube.com\/channel\/UCErh6Id6UFvrlWCO3p0WISg\"\n\t\t\t\t\tclass=\"more-button\"\n\t\t\t\t\ttarget=&quot;_blank&quot;style=\"color: #d1d1d1\"\t\t\t\t>\n\t\t\t\t\tVstop v FFP YouTube kanal\t\t\t\t\t<i><\/i>\n\t\t\t\t<\/a>\n\t\t\t\t\t<\/div>\n\t\t<\/div><\/div><\/div><\/div><div id=\"pg-639-2\"  class=\"panel-grid panel-no-style\" ><div id=\"pgc-639-2-0\"  class=\"panel-grid-cell\" ><div id=\"panel-639-2-0-0\" class=\"so-panel widget widget_circleicon-widget panel-first-child panel-last-child\" data-index=\"2\" ><div class=\"panel-widget-style panel-widget-style-for-639-2-0-0\" >\t\t<div class=\"circle-icon-box circle-icon-position-bottom circle-icon-hide-box circle-icon-size-large \">\n\t\t\t\t\t\t\t<div class=\"circle-icon-wrapper\">\n\t\t\t\t\t\t\t\t\t\t<a href=\"https:\/\/flyfishingposts.com\/?page_id=3835\" class=\"link-icon\" >\t\t\t\t\t<div class=\"circle-icon\" >\n\t\t\t\t\t\t\t\t\t\t\t\t\t<div\n\t\t\t\t\t\t\t\tclass=\"fa fa-book\"\n\t\t\t\t\t\t\t\tstyle=\"color: #c95000\"\t\t\t\t\t\t\t><\/div>\n\t\t\t\t\t\t\t\t\t\t\t<\/div>\n\t\t\t\t\t<\/a>\t\t\t\t<\/div>\n\t\t\t\n\t\t\t\t\t\t\t<a\n\t\t\t\t\thref=\"https:\/\/flyfishingposts.com\/?page_id=3835\"\n\t\t\t\t\tclass=\"link-title\" \t\t\t\t>\n\t\t\t\t\t\t\t\t\t\t<h4 style=\"color: #c95000\">\n\t\t\t\t\t\u010ce ne ve\u0161, kako bi za\u010del\t\t\t\t<\/h4>\n\t\t\t\t\t\t\t\t\t\t<\/a>\n\t\t\t\n\t\t\t\t\t\t\t\t\t\t<a\n\t\t\t\t\thref=\"https:\/\/flyfishingposts.com\/?page_id=3835\"\n\t\t\t\t\tclass=\"more-button\"\n\t\t\t\t\tstyle=\"color: #d1d1d1\"\t\t\t\t>\n\t\t\t\t\tPreberi\t\t\t\t\t<i><\/i>\n\t\t\t\t<\/a>\n\t\t\t\t\t<\/div>\n\t\t<\/div><\/div><\/div><div id=\"pgc-639-2-1\"  class=\"panel-grid-cell\" ><div id=\"panel-639-2-1-0\" class=\"so-panel widget widget_circleicon-widget panel-first-child panel-last-child\" data-index=\"3\" ><div class=\"panel-widget-style panel-widget-style-for-639-2-1-0\" >\t\t<div class=\"circle-icon-box circle-icon-position-bottom circle-icon-hide-box circle-icon-size-large \">\n\t\t\t\t\t\t\t<div class=\"circle-icon-wrapper\">\n\t\t\t\t\t\t\t\t\t\t<a href=\"https:\/\/flyfishingposts.com\/?page_id=191\" class=\"link-icon\" >\t\t\t\t\t<div class=\"circle-icon\" >\n\t\t\t\t\t\t\t\t\t\t\t\t\t<div\n\t\t\t\t\t\t\t\tclass=\"fa fa-play-circle\"\n\t\t\t\t\t\t\t\tstyle=\"color: #c95000\"\t\t\t\t\t\t\t><\/div>\n\t\t\t\t\t\t\t\t\t\t\t<\/div>\n\t\t\t\t\t<\/a>\t\t\t\t<\/div>\n\t\t\t\n\t\t\t\t\t\t\t<a\n\t\t\t\t\thref=\"https:\/\/flyfishingposts.com\/?page_id=191\"\n\t\t\t\t\tclass=\"link-title\" \t\t\t\t>\n\t\t\t\t\t\t\t\t\t\t<h4 style=\"color: #c95000\">\n\t\t\t\t\tVezanje\t\t\t\t<\/h4>\n\t\t\t\t\t\t\t\t\t\t<\/a>\n\t\t\t\n\t\t\t\t\t\t\t\t\t\t<a\n\t\t\t\t\thref=\"https:\/\/flyfishingposts.com\/?page_id=191\"\n\t\t\t\t\tclass=\"more-button\"\n\t\t\t\t\tstyle=\"color: #d1d1d1\"\t\t\t\t>\n\t\t\t\t\tVe\u010d informacij\t\t\t\t\t<i><\/i>\n\t\t\t\t<\/a>\n\t\t\t\t\t<\/div>\n\t\t<\/div><\/div><\/div><div id=\"pgc-639-2-2\"  class=\"panel-grid-cell\" ><div id=\"panel-639-2-2-0\" class=\"so-panel widget widget_circleicon-widget panel-first-child panel-last-child\" data-index=\"4\" ><div class=\"panel-widget-style panel-widget-style-for-639-2-2-0\" >\t\t<div class=\"circle-icon-box circle-icon-position-bottom circle-icon-hide-box circle-icon-size-large \">\n\t\t\t\t\t\t\t<div class=\"circle-icon-wrapper\">\n\t\t\t\t\t\t\t\t\t\t<a href=\"https:\/\/flyfishingposts.com\/?page_id=206\" class=\"link-icon\" >\t\t\t\t\t<div class=\"circle-icon\" >\n\t\t\t\t\t\t\t\t\t\t\t\t\t<div\n\t\t\t\t\t\t\t\tclass=\"fa fa-photo\"\n\t\t\t\t\t\t\t\tstyle=\"color: #c95000\"\t\t\t\t\t\t\t><\/div>\n\t\t\t\t\t\t\t\t\t\t\t<\/div>\n\t\t\t\t\t<\/a>\t\t\t\t<\/div>\n\t\t\t\n\t\t\t\t\t\t\t<a\n\t\t\t\t\thref=\"https:\/\/flyfishingposts.com\/?page_id=206\"\n\t\t\t\t\tclass=\"link-title\" \t\t\t\t>\n\t\t\t\t\t\t\t\t\t\t<h4 style=\"color: #c95000\">\n\t\t\t\t\tFotogalerija\t\t\t\t<\/h4>\n\t\t\t\t\t\t\t\t\t\t<\/a>\n\t\t\t\n\t\t\t\t\t\t\t\t\t\t<a\n\t\t\t\t\thref=\"https:\/\/flyfishingposts.com\/?page_id=206\"\n\t\t\t\t\tclass=\"more-button\"\n\t\t\t\t\tstyle=\"color: #d1d1d1\"\t\t\t\t>\n\t\t\t\t\tVstopi\t\t\t\t\t<i><\/i>\n\t\t\t\t<\/a>\n\t\t\t\t\t<\/div>\n\t\t<\/div><\/div><\/div><div id=\"pgc-639-2-3\"  class=\"panel-grid-cell\" ><div id=\"panel-639-2-3-0\" class=\"so-panel widget widget_circleicon-widget panel-first-child panel-last-child\" data-index=\"5\" ><div class=\"panel-widget-style panel-widget-style-for-639-2-3-0\" >\t\t<div class=\"circle-icon-box circle-icon-position-bottom circle-icon-hide-box circle-icon-size-large \">\n\t\t\t\t\t\t\t<div class=\"circle-icon-wrapper\">\n\t\t\t\t\t\t\t\t\t\t<a href=\"https:\/\/flyfishingposts.com\/?page_id=552\" class=\"link-icon\" >\t\t\t\t\t<div class=\"circle-icon\" >\n\t\t\t\t\t\t\t\t\t\t\t\t\t<div\n\t\t\t\t\t\t\t\tclass=\"fa fa-play-circle\"\n\t\t\t\t\t\t\t\tstyle=\"color: #c95000\"\t\t\t\t\t\t\t><\/div>\n\t\t\t\t\t\t\t\t\t\t\t<\/div>\n\t\t\t\t\t<\/a>\t\t\t\t<\/div>\n\t\t\t\n\t\t\t\t\t\t\t<a\n\t\t\t\t\thref=\"https:\/\/flyfishingposts.com\/?page_id=552\"\n\t\t\t\t\tclass=\"link-title\" \t\t\t\t>\n\t\t\t\t\t\t\t\t\t\t<h4 style=\"color: #c95000\">\n\t\t\t\t\tVideoposnetki\t\t\t\t<\/h4>\n\t\t\t\t\t\t\t\t\t\t<\/a>\n\t\t\t\n\t\t\t\t\t\t\t\t\t\t<a\n\t\t\t\t\thref=\"https:\/\/flyfishingposts.com\/?page_id=552\"\n\t\t\t\t\tclass=\"more-button\"\n\t\t\t\t\tstyle=\"color: #d1d1d1\"\t\t\t\t>\n\t\t\t\t\tPoglej\t\t\t\t\t<i><\/i>\n\t\t\t\t<\/a>\n\t\t\t\t\t<\/div>\n\t\t<\/div><\/div><\/div><div id=\"pgc-639-2-4\"  class=\"panel-grid-cell\" ><div id=\"panel-639-2-4-0\" class=\"so-panel widget widget_circleicon-widget panel-first-child panel-last-child\" data-index=\"6\" ><div class=\"panel-widget-style panel-widget-style-for-639-2-4-0\" >\t\t<div class=\"circle-icon-box circle-icon-position-bottom circle-icon-hide-box circle-icon-size-large \">\n\t\t\t\t\t\t\t<div class=\"circle-icon-wrapper\">\n\t\t\t\t\t\t\t\t\t\t<a href=\"http:\/\/www.okolje.si\/vode\/podatki\/stanje_voda_samodejne.html\" class=\"link-icon\" target=\"_blank\">\t\t\t\t\t<div class=\"circle-icon\" >\n\t\t\t\t\t\t\t\t\t\t\t\t\t<div\n\t\t\t\t\t\t\t\tclass=\"fa fa-info\"\n\t\t\t\t\t\t\t\tstyle=\"color: #c95000\"\t\t\t\t\t\t\t><\/div>\n\t\t\t\t\t\t\t\t\t\t\t<\/div>\n\t\t\t\t\t<\/a>\t\t\t\t<\/div>\n\t\t\t\n\t\t\t\t\t\t\t<a\n\t\t\t\t\thref=\"http:\/\/www.okolje.si\/vode\/podatki\/stanje_voda_samodejne.html\"\n\t\t\t\t\tclass=\"link-title\" target=&quot;_blank&quot;\t\t\t\t>\n\t\t\t\t\t\t\t\t\t\t<h4 style=\"color: #c95000\">\n\t\t\t\t\tVodostaj rek\t\t\t\t<\/h4>\n\t\t\t\t\t\t\t\t\t\t<\/a>\n\t\t\t\n\t\t\t\t\t\t\t\t\t\t<a\n\t\t\t\t\thref=\"http:\/\/www.okolje.si\/vode\/podatki\/stanje_voda_samodejne.html\"\n\t\t\t\t\tclass=\"more-button\"\n\t\t\t\t\ttarget=&quot;_blank&quot;style=\"color: #d1d1d1\"\t\t\t\t>\n\t\t\t\t\tPreveri\t\t\t\t\t<i><\/i>\n\t\t\t\t<\/a>\n\t\t\t\t\t<\/div>\n\t\t<\/div><\/div><\/div><\/div><div id=\"pg-639-3\"  class=\"panel-grid panel-no-style\" ><div id=\"pgc-639-3-0\"  class=\"panel-grid-cell panel-grid-cell-empty\" ><\/div><div id=\"pgc-639-3-1\"  class=\"panel-grid-cell panel-grid-cell-empty\" ><\/div><div id=\"pgc-639-3-2\"  class=\"panel-grid-cell panel-grid-cell-empty panel-grid-cell-mobile-last\" ><\/div><div id=\"pgc-639-3-3\"  class=\"panel-grid-cell panel-grid-cell-empty\" ><\/div><\/div><\/div>","protected":false},"excerpt":{"rendered":"<p>Prejemanje obvestil o novih objavah Na tej povezavi najdete obrazec, katerega izpolnite in ob vsaki novi objavi na spletni strani FFP \/ Fly Fishing Posts, Objave iz sveta muharjenja boste seznanjeni po elektronski po\u0161ti. Vstopi FFP Fly Fishing Posts YouTube kanal Vstop v FFP YouTube kanal \u010ce ne ve\u0161, kako bi za\u010del Preberi Vezanje Ve\u010d [&hellip;]<\/p>\n","protected":false},"author":1,"featured_media":0,"parent":0,"menu_order":0,"comment_status":"closed","ping_status":"closed","template":"home-panels.php","meta":{"_uag_custom_page_level_css":"","cybocfi_hide_featured_image":"","footnotes":""},"class_list":["post-639","page","type-page","status-publish","hentry","post"],"a3_pvc":{"activated":true,"total_views":0,"today_views":0},"uagb_featured_image_src":{"full":false,"thumbnail":false,"medium":false,"medium_large":false,"large":false,"news_plugin_small":false,"1536x1536":false,"2048x2048":false,"xs-thumb":false,"post-thumbnail":false,"vantage-thumbnail-no-sidebar":false,"vantage-slide":false,"vantage-carousel":false,"vantage-grid-loop":false,"bdpp-medium":false,"menu-24x24":false,"menu-36x36":false,"menu-48x48":false,"woocommerce_thumbnail":false,"woocommerce_single":false,"woocommerce_gallery_thumbnail":false,"sow-carousel-default":false,"sow-blog-portfolio":false,"sow-blog-grid":false,"sow-blog-alternate":false},"uagb_author_info":{"display_name":false,"author_link":"https:\/\/flyfishingposts.com\/?author=1"},"uagb_comment_info":0,"uagb_excerpt":"Prejemanje obvestil o novih objavah Na tej povezavi najdete obrazec, katerega izpolnite in ob vsaki novi objavi na spletni strani FFP \/ Fly Fishing Posts, Objave iz sveta muharjenja boste seznanjeni po elektronski po\u0161ti. Vstopi FFP Fly Fishing Posts YouTube kanal Vstop v FFP YouTube kanal \u010ce ne ve\u0161, kako bi za\u010del Preberi Vezanje Ve\u010d&hellip;","jetpack_sharing_enabled":true,"_links":{"self":[{"href":"https:\/\/flyfishingposts.com\/index.php?rest_route=\/wp\/v2\/pages\/639","targetHints":{"allow":["GET"]}}],"collection":[{"href":"https:\/\/flyfishingposts.com\/index.php?rest_route=\/wp\/v2\/pages"}],"about":[{"href":"https:\/\/flyfishingposts.com\/index.php?rest_route=\/wp\/v2\/types\/page"}],"author":[{"embeddable":true,"href":"https:\/\/flyfishingposts.com\/index.php?rest_route=\/wp\/v2\/users\/1"}],"replies":[{"embeddable":true,"href":"https:\/\/flyfishingposts.com\/index.php?rest_route=%2Fwp%2Fv2%2Fcomments&post=639"}],"version-history":[{"count":103,"href":"https:\/\/flyfishingposts.com\/index.php?rest_route=\/wp\/v2\/pages\/639\/revisions"}],"predecessor-version":[{"id":3361,"href":"https:\/\/flyfishingposts.com\/index.php?rest_route=\/wp\/v2\/pages\/639\/revisions\/3361"}],"wp:attachment":[{"href":"https:\/\/flyfishingposts.com\/index.php?rest_route=%2Fwp%2Fv2%2Fmedia&parent=639"}],"curies":[{"name":"wp","href":"https:\/\/api.w.org\/{rel}","templated":true}]}}