{"id":3639,"date":"2024-09-15T11:04:42","date_gmt":"2024-09-15T09:04:42","guid":{"rendered":"https:\/\/flyfishingposts.com\/?page_id=3639"},"modified":"2024-09-15T11:04:43","modified_gmt":"2024-09-15T09:04:43","slug":"razpis-6-tekme-dp-v-lrm-za-clane-jezero-most-na-soci-rd-tolmin-2024","status":"publish","type":"page","link":"https:\/\/flyfishingposts.com\/?page_id=3639","title":{"rendered":"Razpis 6. tekme DP v LRM za \u010dlane, jezero Most na So\u010di, RD Tolmin, 2024"},"content":{"rendered":"<div class=\"pvc_clear\"><\/div><p id=\"pvc_stats_3639\" class=\"pvc_stats all  \" data-element-id=\"3639\" style=\"\"><i class=\"pvc-stats-icon large\" aria-hidden=\"true\"><svg xmlns=\"http:\/\/www.w3.org\/2000\/svg\" version=\"1.0\" viewBox=\"0 0 502 315\" preserveAspectRatio=\"xMidYMid meet\"><g transform=\"translate(0,332) scale(0.1,-0.1)\" fill=\"\" stroke=\"none\"><path d=\"M2394 3279 l-29 -30 -3 -207 c-2 -182 0 -211 15 -242 39 -76 157 -76 196 0 15 31 17 60 15 243 l-3 209 -33 29 c-26 23 -41 29 -80 29 -41 0 -53 -5 -78 -31z\"\/><path d=\"M3085 3251 c-45 -19 -58 -50 -96 -229 -47 -217 -49 -260 -13 -295 52 -53 146 -42 177 20 16 31 87 366 87 410 0 70 -86 122 -155 94z\"\/><path d=\"M1751 3234 c-13 -9 -29 -31 -37 -50 -12 -29 -10 -49 21 -204 19 -94 39 -189 45 -210 14 -50 54 -80 110 -80 34 0 48 6 76 34 21 21 34 44 34 59 0 14 -18 113 -40 219 -37 178 -43 195 -70 221 -36 32 -101 37 -139 11z\"\/><path d=\"M1163 3073 c-36 -7 -73 -59 -73 -102 0 -56 133 -378 171 -413 34 -32 83 -37 129 -13 70 36 67 87 -16 290 -86 209 -89 214 -129 231 -35 14 -42 15 -82 7z\"\/><path d=\"M3689 3066 c-15 -9 -33 -30 -42 -48 -48 -103 -147 -355 -147 -375 0 -98 131 -148 192 -74 13 15 57 108 97 206 80 196 84 226 37 273 -30 30 -99 39 -137 18z\"\/><path d=\"M583 2784 c-38 -19 -67 -74 -58 -113 9 -42 211 -354 242 -373 16 -10 45 -18 66 -18 51 0 107 52 107 100 0 39 -1 41 -124 234 -80 126 -108 162 -133 173 -41 17 -61 16 -100 -3z\"\/><path d=\"M4250 2784 c-14 -9 -74 -91 -133 -183 -95 -150 -107 -173 -107 -213 0 -55 33 -94 87 -104 67 -13 90 8 211 198 130 202 137 225 78 284 -27 27 -42 34 -72 34 -22 0 -50 -8 -64 -16z\"\/><path d=\"M2275 2693 c-553 -48 -1095 -270 -1585 -649 -135 -104 -459 -423 -483 -476 -23 -49 -22 -139 2 -186 73 -142 361 -457 571 -626 285 -228 642 -407 990 -497 242 -63 336 -73 660 -74 310 0 370 5 595 52 535 111 1045 392 1455 803 122 121 250 273 275 326 19 41 19 137 0 174 -41 79 -309 363 -465 492 -447 370 -946 591 -1479 653 -113 14 -422 18 -536 8z m395 -428 c171 -34 330 -124 456 -258 112 -119 167 -219 211 -378 27 -96 24 -300 -5 -401 -72 -255 -236 -447 -474 -557 -132 -62 -201 -76 -368 -76 -167 0 -236 14 -368 76 -213 98 -373 271 -451 485 -162 444 86 934 547 1084 153 49 292 57 452 25z m909 -232 c222 -123 408 -262 593 -441 76 -74 138 -139 138 -144 0 -16 -233 -242 -330 -319 -155 -123 -309 -223 -461 -299 l-81 -41 32 46 c18 26 49 83 70 128 143 306 141 649 -6 957 -25 52 -61 116 -79 142 l-34 47 45 -20 c26 -10 76 -36 113 -56z m-2057 25 c-40 -58 -105 -190 -130 -263 -110 -324 -59 -707 132 -981 25 -35 42 -64 37 -64 -19 0 -241 119 -326 174 -188 122 -406 314 -532 468 l-58 71 108 103 c185 178 428 349 672 473 66 33 121 60 123 61 2 0 -10 -19 -26 -42z\"\/><path d=\"M2375 1950 c-198 -44 -350 -190 -395 -379 -18 -76 -8 -221 19 -290 114 -284 457 -406 731 -260 98 52 188 154 231 260 27 69 37 214 19 290 -38 163 -166 304 -326 360 -67 23 -215 33 -279 19z\"\/><\/g><\/svg><\/i> <img decoding=\"async\" width=\"16\" height=\"16\" alt=\"Loading\" src=\"https:\/\/flyfishingposts.com\/wp-content\/plugins\/page-views-count\/ajax-loader-2x.gif\" border=0 \/><\/p><div class=\"pvc_clear\"><\/div>\n<p>Po programu MTP se razpi\u0161e 6. tekmovanje v lovu rib z umetno muho za DP, ki bo potekalo v<strong> nedeljo 22. 9. 2024 <\/strong>na jezeru Most na So\u010di, v izvedbi RD Tolmin.<\/p>\n\n\n\n<p>Zbor bo pri <strong>Vodni hi\u0161i Most na So\u010di, Most na So\u010di 54, ob 7.30<\/strong>. Tekmovalna trasa poteka od za\u010detka galerije do mostu dolvodno (cca 1500m, glej sliko).<\/p>\n\n\n\n<p><strong>Tokratno tekmovanje se izjemoma za\u010dne ob 9.00<\/strong>, vendar organizator tekmovanja navaja, da je zbor na zbornem mestu ob <strong>7.30<\/strong>. Prav tako vsi tisti tekmovalci, ki se tekme ne boste udele\u017eili, to javite najkasneje do <strong>petka, 20. 9. 2024, zjutraj!<\/strong><\/p>\n\n\n\n<p><strong>Organizator bo zagotovil tudi nekaj re\u0161ilnih jopi\u010dev, v kolikor ga kateri potrebuje.<\/strong><\/p>\n\n\n\n<p>Organizator napro\u0161a tekmovalce, <strong>da si temeljito preberejo navodila<\/strong> izvedbe, saj na jezerih veljajo druga\u010dni predpisi. V primeru slabega vremena oziroma previsokega vodostaja reke So\u010de se tekma prestavi na rezervni termin.<\/p>\n\n\n<div class=\"wp-block-image\">\n<figure class=\"aligncenter size-full\"><img fetchpriority=\"high\" decoding=\"async\" width=\"947\" height=\"791\" src=\"https:\/\/flyfishingposts.com\/wp-content\/uploads\/2024\/09\/trasa-most-na-soci.jpg\" alt=\"\" class=\"wp-image-3641\" srcset=\"https:\/\/flyfishingposts.com\/wp-content\/uploads\/2024\/09\/trasa-most-na-soci.jpg 947w, https:\/\/flyfishingposts.com\/wp-content\/uploads\/2024\/09\/trasa-most-na-soci-600x501.jpg 600w, https:\/\/flyfishingposts.com\/wp-content\/uploads\/2024\/09\/trasa-most-na-soci-300x251.jpg 300w, https:\/\/flyfishingposts.com\/wp-content\/uploads\/2024\/09\/trasa-most-na-soci-768x641.jpg 768w\" sizes=\"(max-width: 947px) 100vw, 947px\" \/><\/figure>\n<\/div>\n\n\n<p><strong>Navodila in to\u010dkovanje &#8211; POMEMBNO!!!<\/strong><\/p>\n\n\n\n<p>Tekmujejo vsi tekmovalci, \u010dolni so ozna\u010deni s \u0161tevilkami 1-12, mesta na \u010dolnu pa s \u0161tevilkami 1 (dopoldan lovi lovi sodi), 2 (dopoldan lovi sodi lovi) in 3 (dopoldan sodi lovi lovi). Na vsakem \u010dolnu je lahko zgolj tekmovalec ene iste ekipe. Ves \u010das tekmovanja na istem \u010dolnu ostanejo isti trije tekmovalci, v primeru, da je \u0161tevilo tekmovalcev razli\u010dno od 36, 33, 30&#8230;, mora organizator zagotoviti eno osebo na \u010doln, ki pa nikoli ne lovi. \u017dreba se tako, da se od prve ekipe dalje tekmovalce najprej razdeli po razli\u010dnih \u010dolnih, nato pa \u0161e na to\u010dno dolo\u010deno mesto na \u010dolnu, ki pa se spreminja vsak obrat. \u010colni bodo ozna\u010deni s \u0161tevilkami \u017ee pred \u017erebom.<\/p>\n\n\n\n<p>Dopoldan tekmovalec ena LOVI, LOVI in SODI, popoldan pa najprej SODI, LOVI LOVI. Kapetan \u010dolna je prvi in peti obrat. Tekmovalec dve dopoldan LOVI, SODI, LOVI, popoldan pa tudi LOVI, SODI, LOVI. Kapetan je tretji in \u0161esti obrat. Tekmovalec tri pa dopoldan SODI, LOVI, LOVI, popoldan pa LOVI, LOVI, SODI in je kapetan drugi ter \u010detrti rezultat. Na \u010dolnu tako vsak lovi z vsakim v paru in tudi vsak je v tem paru enkrat kapetan. Od \u0161estih obratov tekmovanja vsak lovi \u0161tiri obrate, dva pa sodi. Ne glede na to lahko premike \u010dolna opravi KATERIKOLI tekmovalec \/ sodnik na \u010dolnu. Tekmuje so pa pravilih <a href=\"https:\/\/flyfishingposts.com\/wp-content\/uploads\/2024\/09\/CR2023-Eng-1.pdf\" target=\"_blank\" rel=\"noreferrer noopener\">FIPS (klik na povezavo)<\/a> (veljavne oziroma prepovedane muhe, podmetalke,..) \u2013 zgolj nekaj pomembnej\u0161ih dejstev:<\/p>\n\n\n\n<ol class=\"wp-block-list\">\n<li>Lovi se samo, ko \u010doln miruje, med premiki ribolov ni dovoljen, razen, \u010de se premika s tokom vode ali vetra.<\/li>\n\n\n\n<li>Lovi se samo v sede, v sede se me\u010de in v sede se zajema ribo. Vsak lahko zajame zgolj svojo ribo, sodnik ne sme zajeti ribe kak\u0161nemu tekmovalcu. Vstajanje v \u010dolnu je dovoljeno, ampak ta tekmovalec ob tem ne sme loviti. Prepovedano je zajemanje ribe v stoje.<\/li>\n\n\n\n<li>Minimalna razdalja na jezeru med \u010dolni je 50m.<\/li>\n\n\n\n<li>Tekmovalca sedita na \u010dolnu kjer dolo\u010di kapetan in morata metati v poljubno (levo ali desno), ampak ISTO smer ves \u010das tekmovanja. Morebitni veter na jezeru imajo tekmovalci lahko zgolj v hrbet.<\/li>\n\n\n\n<li>Vsak tekmovalec ima na \u010dolnu lahko najve\u010d dve palici, vendar mora biti druga razstavljena in pospravljena, brez pritrjenega kole\u0161\u010dka.<\/li>\n<\/ol>\n\n\n\n<p>To\u010dkovanje:<\/p>\n\n\n\n<p>Tekmovalec 1 lovi obrate 1, 2, 5, 6.<\/p>\n\n\n\n<p>Tekmovalec 2 lovi obrate 1, 3, 4, 6 .<\/p>\n\n\n\n<p>Tekmovalec 3 lovi obrate 2, 3, 4, 5.<\/p>\n\n\n\n<p>To\u010dkuje se po enakovrednem sistemu za vse tekmovalce. Torej vsaka riba prinese 100 to\u010dk in vsak centimeter 20 to\u010dk. Sistem parni \/neparni tukaj ne velja. Dobijo se rezultati posamezno 1 &#8211; 36 in po istem klju\u010du tudi ekipni rezultati.<\/p>\n\n\n\n<hr class=\"wp-block-separator has-alpha-channel-opacity\"\/>\n\n\n\n<p>Urnik tekmovanja:<\/p>\n\n\n\n<p>07.30 do 08.00 &#8211; prijava, vpis, \u017ereb<\/p>\n\n\n\n<p>08.40 do 08.45 &#8211; odhod na \u010dolne<\/p>\n\n\n\n<p>08.45 do 09.00 &#8211; vo\u017ena na tekmovalno traso<\/p>\n\n\n\n<p>9.00 do 9.45 &#8211; 1. del tekme<\/p>\n\n\n\n<p>09.45 do 10.00 &#8211; premik<\/p>\n\n\n\n<p>10.00 do 10.45 &#8211; 2. del tekme<\/p>\n\n\n\n<p>10.45 do 11.00 &#8211; premik<\/p>\n\n\n\n<p>11.00 do 11.45 &#8211; 3. del tekme<\/p>\n\n\n\n<p>11.45 do 12.40 &#8211; glavni odmor<\/p>\n\n\n\n<p>12.40 do 12.45 &#8211; odhod na \u010dolne<\/p>\n\n\n\n<p>12.45 do 13.00 &#8211; vo\u017enja na tekmovalno traso<\/p>\n\n\n\n<p>13.00 do 13.45 &#8211; 4. del tekme<\/p>\n\n\n\n<p>13.45 do 14.00 &#8211; premik<\/p>\n\n\n\n<p>14.00 do 14.45 &#8211; peti del tekme<\/p>\n\n\n\n<p>14.45 do 15.00 &#8211; premik<\/p>\n\n\n\n<p>15.00 do 15.45 &#8211; \u0161esti del tekme<\/p>\n\n\n\n<p>15.45 &#8211; zaklju\u010dek tekme<\/p>\n\n\n\n<p>16.00 &#8211; kosilo, izra\u010dun rezultatov, podelitev pokalov in\u00a0priznanj<\/p>\n\n\n\n<hr class=\"wp-block-separator has-alpha-channel-opacity\"\/>\n\n\n\n<p>Vodja tekmovanja : Matej Gorjan- 041 441 676.<\/p>\n\n\n\n<p>Kontaktna oseba : Aljo\u0161a Kri\u017eni\u010d &#8211;\u00a0031 409 300.<\/p>\n\n\n\n<p>Udele\u017eenci tekmovanja lahko\u00a0\u0161tartnino\u00a0(30 eur po tekmovalcu) poravnajo z naro\u010dilnico, pla\u010dilom pri prijavi ali nakazilom na TR RD Tolmin:<\/p>\n\n\n\n<p>Ribi\u0161ka Dru\u017eina Tolmin, Trg 1.Maja 7, 5220 Tolmin<\/p>\n\n\n\n<p>IBAN: SI56 1915 5501 2106 087<\/p>\n\n\n\n<p>Banka: DBS d.d.\u00a0<\/p>\n\n\n\n<p>Napro\u0161amo vse vodje ekip in posameznike, da\u00a0<span style=\"text-decoration: underline;\"><strong>javijo organizatorju<\/strong>\u00a0<strong>oz. kontaktni osebi vsaj tri dni pred tekmovanjem, \u010de se kdo od tekmovalcev ne bo udele\u017eil\u00a0tekmovanja,\u00a0zaradi la\u017eje zagotovitve ustreznega \u0161tevila \u010dolnov.<\/strong>\u00a0<\/span><\/p>\n\n\n\n<p>To lahko storijo tudi na elektronski naslov komisarju lige Roku \u0160parovcu na elektronski naslov: <strong>rok.sparovec@gmail.com<\/strong><\/p>\n\n\n\n<p>Tekmuje se na lastno odgovornost!<\/p>\n\n\n\n<p>Dober prijem!<\/p>\n\n\n\n<p class=\"has-text-align-right\">RD Tolmin<\/p>\n\n\n\n<p>RD Tolmin, 13. 9. 2024<\/p>\n\n\n<nav style=\"color: #c95000;\" class=\"has-text-color is-responsive items-justified-center wp-block-navigation is-content-justification-center is-layout-flex wp-container-core-navigation-is-layout-5590e8cb wp-block-navigation-is-layout-flex\" aria-label=\"Header Menu #1\" \n\t\t data-wp-interactive=\"core\/navigation\" data-wp-context='{\"overlayOpenedBy\":{\"click\":false,\"hover\":false,\"focus\":false},\"type\":\"overlay\",\"roleAttribute\":\"\",\"ariaLabel\":\"Meni\"}'><button aria-haspopup=\"dialog\" aria-label=\"Odpri meni\" class=\"wp-block-navigation__responsive-container-open\" \n\t\t\t\tdata-wp-on--click=\"actions.openMenuOnClick\"\n\t\t\t\tdata-wp-on--keydown=\"actions.handleMenuKeydown\"\n\t\t\t><svg width=\"24\" height=\"24\" xmlns=\"http:\/\/www.w3.org\/2000\/svg\" viewBox=\"0 0 24 24\" aria-hidden=\"true\" focusable=\"false\"><path d=\"M4 7.5h16v1.5H4z\"><\/path><path d=\"M4 15h16v1.5H4z\"><\/path><\/svg><\/button>\n\t\t\t\t<div class=\"wp-block-navigation__responsive-container\"  id=\"modal-1\" \n\t\t\t\tdata-wp-class--has-modal-open=\"state.isMenuOpen\"\n\t\t\t\tdata-wp-class--is-menu-open=\"state.isMenuOpen\"\n\t\t\t\tdata-wp-watch=\"callbacks.initMenu\"\n\t\t\t\tdata-wp-on--keydown=\"actions.handleMenuKeydown\"\n\t\t\t\tdata-wp-on--focusout=\"actions.handleMenuFocusout\"\n\t\t\t\ttabindex=\"-1\"\n\t\t\t>\n\t\t\t\t\t<div class=\"wp-block-navigation__responsive-close\" tabindex=\"-1\">\n\t\t\t\t\t\t<div class=\"wp-block-navigation__responsive-dialog\" \n\t\t\t\tdata-wp-bind--aria-modal=\"state.ariaModal\"\n\t\t\t\tdata-wp-bind--aria-label=\"state.ariaLabel\"\n\t\t\t\tdata-wp-bind--role=\"state.roleAttribute\"\n\t\t\t>\n\t\t\t\t\t\t\t<button aria-label=\"Zapri meni\" class=\"wp-block-navigation__responsive-container-close\" \n\t\t\t\tdata-wp-on--click=\"actions.closeMenuOnClick\"\n\t\t\t><svg xmlns=\"http:\/\/www.w3.org\/2000\/svg\" viewBox=\"0 0 24 24\" width=\"24\" height=\"24\" aria-hidden=\"true\" focusable=\"false\"><path d=\"m13.06 12 6.47-6.47-1.06-1.06L12 10.94 5.53 4.47 4.47 5.53 10.94 12l-6.47 6.47 1.06 1.06L12 13.06l6.47 6.47 1.06-1.06L13.06 12Z\"><\/path><\/svg><\/button>\n\t\t\t\t\t\t\t<div class=\"wp-block-navigation__responsive-container-content\" \n\t\t\t\tdata-wp-watch=\"callbacks.focusFirstElement\"\n\t\t\t id=\"modal-1-content\">\n\t\t\t\t\t\t\t\t<ul style=\"color: #c95000;\" class=\"wp-block-navigation__container has-text-color is-responsive items-justified-center wp-block-navigation\"><li class=\" wp-block-navigation-item wp-block-navigation-link\"><a class=\"wp-block-navigation-item__content\"  href=\"https:\/\/flyfishingposts.com\/\"><span class=\"wp-block-navigation-item__label\">Domov<\/span><\/a><\/li><li class=\" wp-block-navigation-item wp-block-navigation-link\"><a class=\"wp-block-navigation-item__content\"  href=\"https:\/\/flyfishingposts.com\/?page_id=1632\"><span class=\"wp-block-navigation-item__label\">Trenutki<\/span><\/a><\/li><li class=\" wp-block-navigation-item wp-block-navigation-link\"><a class=\"wp-block-navigation-item__content\"  href=\"https:\/\/flyfishingposts.com\/?page_id=191\"><span class=\"wp-block-navigation-item__label\">Vezanje<\/span><\/a><\/li><li class=\" wp-block-navigation-item wp-block-navigation-link\"><a class=\"wp-block-navigation-item__content\"  href=\"https:\/\/flyfishingposts.com\/?page_id=206\"><span class=\"wp-block-navigation-item__label\">Fotogalerija<\/span><\/a><\/li><li class=\" wp-block-navigation-item wp-block-navigation-link\"><a class=\"wp-block-navigation-item__content\"  href=\"https:\/\/flyfishingposts.com\/?page_id=552\"><span class=\"wp-block-navigation-item__label\">Videoposnetki<\/span><\/a><\/li><\/ul>\n\t\t\t\t\t\t\t<\/div>\n\t\t\t\t\t\t<\/div>\n\t\t\t\t\t<\/div>\n\t\t\t\t<\/div><\/nav>","protected":false},"excerpt":{"rendered":"<p>Po programu MTP se razpi\u0161e 6. tekmovanje v lovu rib z umetno muho za DP, ki bo potekalo v nedeljo 22. 9. 2024 na jezeru Most na So\u010di, v izvedbi RD Tolmin. Zbor bo pri Vodni hi\u0161i Most na So\u010di, Most na So\u010di 54, ob 7.30. Tekmovalna trasa poteka od za\u010detka galerije do mostu dolvodno [&hellip;]<\/p>\n","protected":false},"author":1,"featured_media":2671,"parent":2417,"menu_order":0,"comment_status":"closed","ping_status":"closed","template":"","meta":{"_uag_custom_page_level_css":"","cybocfi_hide_featured_image":"yes","footnotes":""},"class_list":["post-3639","page","type-page","status-publish","has-post-thumbnail","hentry","post","post-with-thumbnail","post-with-thumbnail-large"],"a3_pvc":{"activated":true,"total_views":80,"today_views":0},"uagb_featured_image_src":{"full":["https:\/\/flyfishingposts.com\/wp-content\/uploads\/2024\/04\/dp_v_lrm_2024.jpeg",300,300,false],"thumbnail":["https:\/\/flyfishingposts.com\/wp-content\/uploads\/2024\/04\/dp_v_lrm_2024-150x150.jpeg",150,150,true],"medium":["https:\/\/flyfishingposts.com\/wp-content\/uploads\/2024\/04\/dp_v_lrm_2024.jpeg",300,300,false],"medium_large":["https:\/\/flyfishingposts.com\/wp-content\/uploads\/2024\/04\/dp_v_lrm_2024.jpeg",300,300,false],"large":["https:\/\/flyfishingposts.com\/wp-content\/uploads\/2024\/04\/dp_v_lrm_2024.jpeg",300,300,false],"news_plugin_small":["https:\/\/flyfishingposts.com\/wp-content\/uploads\/2024\/04\/dp_v_lrm_2024.jpeg",300,300,false],"1536x1536":["https:\/\/flyfishingposts.com\/wp-content\/uploads\/2024\/04\/dp_v_lrm_2024.jpeg",300,300,false],"2048x2048":["https:\/\/flyfishingposts.com\/wp-content\/uploads\/2024\/04\/dp_v_lrm_2024.jpeg",300,300,false],"xs-thumb":["https:\/\/flyfishingposts.com\/wp-content\/uploads\/2024\/04\/dp_v_lrm_2024-64x64.jpeg",64,64,true],"post-thumbnail":["https:\/\/flyfishingposts.com\/wp-content\/uploads\/2024\/04\/dp_v_lrm_2024.jpeg",300,300,false],"vantage-thumbnail-no-sidebar":["https:\/\/flyfishingposts.com\/wp-content\/uploads\/2024\/04\/dp_v_lrm_2024.jpeg",300,300,false],"vantage-slide":["https:\/\/flyfishingposts.com\/wp-content\/uploads\/2024\/04\/dp_v_lrm_2024.jpeg",300,300,false],"vantage-carousel":["https:\/\/flyfishingposts.com\/wp-content\/uploads\/2024\/04\/dp_v_lrm_2024-272x182.jpeg",272,182,true],"vantage-grid-loop":["https:\/\/flyfishingposts.com\/wp-content\/uploads\/2024\/04\/dp_v_lrm_2024-300x272.jpeg",300,272,true],"bdpp-medium":["https:\/\/flyfishingposts.com\/wp-content\/uploads\/2024\/04\/dp_v_lrm_2024.jpeg",300,300,false],"menu-24x24":["https:\/\/flyfishingposts.com\/wp-content\/uploads\/2024\/04\/dp_v_lrm_2024.jpeg",24,24,false],"menu-36x36":["https:\/\/flyfishingposts.com\/wp-content\/uploads\/2024\/04\/dp_v_lrm_2024.jpeg",36,36,false],"menu-48x48":["https:\/\/flyfishingposts.com\/wp-content\/uploads\/2024\/04\/dp_v_lrm_2024.jpeg",48,48,false],"woocommerce_thumbnail":["https:\/\/flyfishingposts.com\/wp-content\/uploads\/2024\/04\/dp_v_lrm_2024.jpeg",300,300,false],"woocommerce_single":["https:\/\/flyfishingposts.com\/wp-content\/uploads\/2024\/04\/dp_v_lrm_2024.jpeg",300,300,false],"woocommerce_gallery_thumbnail":["https:\/\/flyfishingposts.com\/wp-content\/uploads\/2024\/04\/dp_v_lrm_2024-100x100.jpeg",100,100,true],"sow-carousel-default":["https:\/\/flyfishingposts.com\/wp-content\/uploads\/2024\/04\/dp_v_lrm_2024-272x182.jpeg",272,182,true],"sow-blog-portfolio":["https:\/\/flyfishingposts.com\/wp-content\/uploads\/2024\/04\/dp_v_lrm_2024.jpeg",300,300,false],"sow-blog-grid":["https:\/\/flyfishingposts.com\/wp-content\/uploads\/2024\/04\/dp_v_lrm_2024.jpeg",300,300,false],"sow-blog-alternate":["https:\/\/flyfishingposts.com\/wp-content\/uploads\/2024\/04\/dp_v_lrm_2024.jpeg",300,300,false]},"uagb_author_info":{"display_name":false,"author_link":"https:\/\/flyfishingposts.com\/?author=1"},"uagb_comment_info":0,"uagb_excerpt":"Po programu MTP se razpi\u0161e 6. tekmovanje v lovu rib z umetno muho za DP, ki bo potekalo v nedeljo 22. 9. 2024 na jezeru Most na So\u010di, v izvedbi RD Tolmin. Zbor bo pri Vodni hi\u0161i Most na So\u010di, Most na So\u010di 54, ob 7.30. Tekmovalna trasa poteka od za\u010detka galerije do mostu dolvodno&hellip;","jetpack_sharing_enabled":true,"_links":{"self":[{"href":"https:\/\/flyfishingposts.com\/index.php?rest_route=\/wp\/v2\/pages\/3639","targetHints":{"allow":["GET"]}}],"collection":[{"href":"https:\/\/flyfishingposts.com\/index.php?rest_route=\/wp\/v2\/pages"}],"about":[{"href":"https:\/\/flyfishingposts.com\/index.php?rest_route=\/wp\/v2\/types\/page"}],"author":[{"embeddable":true,"href":"https:\/\/flyfishingposts.com\/index.php?rest_route=\/wp\/v2\/users\/1"}],"replies":[{"embeddable":true,"href":"https:\/\/flyfishingposts.com\/index.php?rest_route=%2Fwp%2Fv2%2Fcomments&post=3639"}],"version-history":[{"count":16,"href":"https:\/\/flyfishingposts.com\/index.php?rest_route=\/wp\/v2\/pages\/3639\/revisions"}],"predecessor-version":[{"id":3657,"href":"https:\/\/flyfishingposts.com\/index.php?rest_route=\/wp\/v2\/pages\/3639\/revisions\/3657"}],"up":[{"embeddable":true,"href":"https:\/\/flyfishingposts.com\/index.php?rest_route=\/wp\/v2\/pages\/2417"}],"wp:featuredmedia":[{"embeddable":true,"href":"https:\/\/flyfishingposts.com\/index.php?rest_route=\/wp\/v2\/media\/2671"}],"wp:attachment":[{"href":"https:\/\/flyfishingposts.com\/index.php?rest_route=%2Fwp%2Fv2%2Fmedia&parent=3639"}],"curies":[{"name":"wp","href":"https:\/\/api.w.org\/{rel}","templated":true}]}}