{"id":2074,"date":"2024-01-02T09:17:48","date_gmt":"2024-01-02T08:17:48","guid":{"rendered":"https:\/\/flyfishingposts.com\/?page_id=2074"},"modified":"2024-01-02T16:47:21","modified_gmt":"2024-01-02T15:47:21","slug":"arhiv-nekaj-po-mojem-okusu","status":"publish","type":"page","link":"https:\/\/flyfishingposts.com\/?page_id=2074","title":{"rendered":"Arhiv &#8211; Nekaj po mojem okusu"},"content":{"rendered":"<div id=\"pl-2074\"  class=\"panel-layout\" ><div id=\"pg-2074-0\"  class=\"panel-grid panel-no-style\" ><div id=\"pgc-2074-0-0\"  class=\"panel-grid-cell\" ><div id=\"panel-2074-0-0-0\" class=\"so-panel widget widget_siteorigin-panels-postloop panel-first-child panel-last-child\" data-index=\"0\" >\n\t<div id=\"vantage-grid-loop\" class=\"vantage-grid-loop grid-loop-columns-4\">\n\t\t\t\t\t<article class=\"grid-post post-4340 post type-post status-publish format-standard has-post-thumbnail hentry category-uncategorized post-with-thumbnail post-with-thumbnail-large\">\n\n\t\t\t\t\t\t\t\t\t<a class=\"grid-thumbnail\" href=\"https:\/\/flyfishingposts.com\/?p=4340\">\n\t\t\t\t\t\t<img fetchpriority=\"high\" decoding=\"async\" width=\"436\" height=\"272\" src=\"https:\/\/flyfishingposts.com\/wp-content\/uploads\/2024\/09\/IMG_6555-scaled-e1725826294467-436x272.jpeg\" class=\"attachment-vantage-grid-loop size-vantage-grid-loop wp-post-image\" alt=\"\" \/>\t\t\t\t\t<\/a>\n\t\t\t\t\n\t\t\t\t<h3><a href=\"https:\/\/flyfishingposts.com\/?p=4340\">ODPOVED tekme, datum bo dolo\u010den naknadno &#8211; Razpis za 4. tekmo dr\u017eavnega prvenstva \u010dlanov v lovu rib z umetno muho &#8211; 7. 9. 2025, reka Savinja, RD Celje<\/a><\/h3>\n\t\t\t\t<div class=\"excerpt\"><p>Zaradi neprimernega stanje vode se tekma DP v muharjenjeu v Celju za 7. 9. 2025 ODPOVE. Novi datum bo sporo\u010den naknadno. Muharska tekmovalna podkomisija (MTP)&nbsp; Razpis za 4. tekmovanje dr\u017eavnega prvenstva (DP)&nbsp; Po programu MTP se razpi\u0161e 4. tekmovanje v lovu rib z umetno muho za DP \u010dlani, ki bo&nbsp;v nedeljo 7. 9. 2025&nbsp;&nbsp;na reki [&hellip;]<\/p>\n<\/div>\n\t\t\t\t\t\t\t\t<a class=\"more-button\" href=\"https:\/\/flyfishingposts.com\/?p=4340\">Nadaljuj z branjem <i><\/i><\/a>\t\t\t<\/article>\n\t\t\t\t\t\t<article class=\"grid-post post-4333 post type-post status-publish format-standard has-post-thumbnail hentry category-uncategorized post-with-thumbnail post-with-thumbnail-large\">\n\n\t\t\t\t\t\t\t\t\t<a class=\"grid-thumbnail\" href=\"https:\/\/flyfishingposts.com\/?p=4333\">\n\t\t\t\t\t\t<img fetchpriority=\"high\" decoding=\"async\" width=\"436\" height=\"272\" src=\"https:\/\/flyfishingposts.com\/wp-content\/uploads\/2024\/09\/IMG_6555-scaled-e1725826294467-436x272.jpeg\" class=\"attachment-vantage-grid-loop size-vantage-grid-loop wp-post-image\" alt=\"\" \/>\t\t\t\t\t<\/a>\n\t\t\t\t\n\t\t\t\t<h3><a href=\"https:\/\/flyfishingposts.com\/?p=4333\">Odpoved tekme zaradi visokega vodostaja &#8211; Razpis za 4. in 5. tekmo dr\u017eavnega prvenstva U18 v lovu rib z umetno muho &#8211; predviden datum je 20. 9. 2025, Sava Bohinjka, RD Bled<\/a><\/h3>\n\t\t\t\t<div class=\"excerpt\"><p>RAZPIS ZA 4. in 5. TEKMO DR\u017dAVNEGA PRVENSTVA U18 V LOVU RIB Z UMETNO MUHO &#8211; RD BLED Datum: Sobota, 20. september 2025 Lokacija: Sava Bohinjka, RD Bled Zbor: most v Ribnem RD Bled v skladu s programom MTP razpisuje 4. in 5. tekmo v lovu rib z umetno muho za Dr\u017eavno prvenstvo v kategoriji [&hellip;]<\/p>\n<\/div>\n\t\t\t\t\t\t\t\t<a class=\"more-button\" href=\"https:\/\/flyfishingposts.com\/?p=4333\">Nadaljuj z branjem <i><\/i><\/a>\t\t\t<\/article>\n\t\t\t\t\t\t<article class=\"grid-post post-4310 post type-post status-publish format-standard has-post-thumbnail hentry category-uncategorized post-with-thumbnail post-with-thumbnail-large\">\n\n\t\t\t\t\t\t\t\t\t<a class=\"grid-thumbnail\" href=\"https:\/\/flyfishingposts.com\/?p=4310\">\n\t\t\t\t\t\t<img fetchpriority=\"high\" decoding=\"async\" width=\"436\" height=\"272\" src=\"https:\/\/flyfishingposts.com\/wp-content\/uploads\/2024\/09\/IMG_6555-scaled-e1725826294467-436x272.jpeg\" class=\"attachment-vantage-grid-loop size-vantage-grid-loop wp-post-image\" alt=\"\" \/>\t\t\t\t\t<\/a>\n\t\t\t\t\n\t\t\t\t<h3><a href=\"https:\/\/flyfishingposts.com\/?p=4310\">Odpoved zaradi visokega vodostaja, morebitni rezervni datum bo sporo\u010den naknadno &#8211; Razpis za 3. tekmo dr\u017eavnega prvenstva \u010dlanov v lovu rib z umetno muho &#8211; reka Sora, RD Medvode<\/a><\/h3>\n\t\t\t\t<div class=\"excerpt\"><p>Muharska tekmovalna podkomisija (MTP)&nbsp; Razpis za 3. tekmo dr\u017eavnega prvenstva (DP)&nbsp; Po programu MTP se razpi\u0161e 3. tekma v lovu rib z umetno muho za DP, ki bo\u00a0v nedeljo xx. xx. xxxx\u00a0\u00a0na reki Sori, v izvedbi RD Medvode. Zbor bo na parkiri\u0161\u010du pred Mercatorjem v Medvodah (lokal 4-Ma\u010dke) URNIK TEKMOVANJA:&nbsp; 06.30 do 07:00 prijava, vpis&nbsp;&nbsp; [&hellip;]<\/p>\n<\/div>\n\t\t\t\t\t\t\t\t<a class=\"more-button\" href=\"https:\/\/flyfishingposts.com\/?p=4310\">Nadaljuj z branjem <i><\/i><\/a>\t\t\t<\/article>\n\t\t\t\t\t\t<article class=\"grid-post post-4266 post type-post status-publish format-standard has-post-thumbnail hentry category-uncategorized post-with-thumbnail post-with-thumbnail-large\">\n\n\t\t\t\t\t\t\t\t\t<a class=\"grid-thumbnail\" href=\"https:\/\/flyfishingposts.com\/?p=4266\">\n\t\t\t\t\t\t<img decoding=\"async\" width=\"436\" height=\"272\" src=\"https:\/\/flyfishingposts.com\/wp-content\/uploads\/2023\/12\/161360220_padded_logo-1-436x272.png\" class=\"attachment-vantage-grid-loop size-vantage-grid-loop wp-post-image\" alt=\"\" \/>\t\t\t\t\t<\/a>\n\t\t\t\t\n\t\t\t\t<h3><a href=\"https:\/\/flyfishingposts.com\/?p=4266\">Prestavljen termin, datum bo sporo\u010den naknadno &#8211; Vabilo na enodnevni tabor mladih ribi\u010dev ZRD Primorske in drugih ribi\u0161kih dru\u017ein, 6. 7. 2025<\/a><\/h3>\n\t\t\t\t<div class=\"excerpt\"><p>Spo\u0161tovani, zaradi nizkega vodostaja in visokih temperatur bo organizacija enodnevnega tabora prestavljena na mesec september 2025. To\u010den datum bomo sporo\u010dili pravo\u010dasno. Hvala za razumevanje. RD Ajdov\u0161\u010dina Dragi mentorji in mladinci ribi\u0161kih dru\u017ein ZRD Primorske in ostali, vabimo vas, da se udele\u017eite leto\u0161njega enodnevnega mladinskega tabora v organizaciji RD Ajdov\u0161\u010dina. Tabor bo muharsko obarvan in primeren [&hellip;]<\/p>\n<\/div>\n\t\t\t\t\t\t\t\t<a class=\"more-button\" href=\"https:\/\/flyfishingposts.com\/?p=4266\">Nadaljuj z branjem <i><\/i><\/a>\t\t\t<\/article>\n\t\t\t\t\t\t\t<div class=\"clear\"><\/div>\n\t\t\t\t\t\t\t<article class=\"grid-post post-4256 post type-post status-publish format-standard has-post-thumbnail hentry category-uncategorized post-with-thumbnail post-with-thumbnail-large\">\n\n\t\t\t\t\t\t\t\t\t<a class=\"grid-thumbnail\" href=\"https:\/\/flyfishingposts.com\/?p=4256\">\n\t\t\t\t\t\t<img decoding=\"async\" width=\"436\" height=\"272\" src=\"https:\/\/flyfishingposts.com\/wp-content\/uploads\/2024\/06\/AdriaticGrayling-e1719331023125-436x272.jpg\" class=\"attachment-vantage-grid-loop size-vantage-grid-loop wp-post-image\" alt=\"\" \/>\t\t\t\t\t<\/a>\n\t\t\t\t\n\t\t\t\t<h3><a href=\"https:\/\/flyfishingposts.com\/?p=4256\">Zlati lipan Sore 2025, 28. 6. 2025 &#8211; Odpoved muharskega sre\u010danja<\/a><\/h3>\n\t\t\t\t<div class=\"excerpt\"><p>Zaradi visokih temperatur in nizkega vodostaja reke Sore, Ribi\u0161ka dru\u017eina Medvode odpoveduje predvideno \u0161re\u010danje in muharsko tekmovanje &#8220;Zlati lipan&#8221; za soboto 28. 6. 2025. Ribi\u0161ka dru\u017eina Medvode prireja muharsko dru\u017eenje &#8220;Zlati lipan Sore 2025&#8221;, ki bo potekal 28. 6. 2025. Prijava: Prijave se zbirajo do 25. 6. 2025 na telefon 031805059 Zbor: 28. 6. 2025 [&hellip;]<\/p>\n<\/div>\n\t\t\t\t\t\t\t\t<a class=\"more-button\" href=\"https:\/\/flyfishingposts.com\/?p=4256\">Nadaljuj z branjem <i><\/i><\/a>\t\t\t<\/article>\n\t\t\t\t\t\t<article class=\"grid-post post-4261 post type-post status-publish format-standard has-post-thumbnail hentry category-uncategorized post-with-thumbnail post-with-thumbnail-large\">\n\n\t\t\t\t\t\t\t\t\t<a class=\"grid-thumbnail\" href=\"https:\/\/flyfishingposts.com\/?p=4261\">\n\t\t\t\t\t\t<img loading=\"lazy\" decoding=\"async\" width=\"436\" height=\"272\" src=\"https:\/\/flyfishingposts.com\/wp-content\/uploads\/2024\/06\/radovljica_2024-436x272.jpg\" class=\"attachment-vantage-grid-loop size-vantage-grid-loop wp-post-image\" alt=\"\" \/>\t\t\t\t\t<\/a>\n\t\t\t\t\n\t\t\t\t<h3><a href=\"https:\/\/flyfishingposts.com\/?p=4261\">Ribi\u0161ki piknik RD Radovljica, 21. 6. 2025<\/a><\/h3>\n\t\t\t\t<div class=\"excerpt\"><p>Ribi\u0161ka dru\u017eina Radovljica vabi na tradicionalni piknik Ribi\u0161ke dru\u017eine, ki bo v soboto, 21. junija 2025, s pri\u010detkom ob 12.00 pri ribi\u0161kem domu na Lancovem. Kot obi\u010dajno bomo pred piknikom organizirali tekmovanje v lovu na najve\u010djo ribo, ki je brezpla\u010dno za vse \u010dlane in \u010dlanice RD Radovljica. Za \u010dlane drugih ribi\u0161kih dru\u017ein je startnina 20,00 [&hellip;]<\/p>\n<\/div>\n\t\t\t\t\t\t\t\t<a class=\"more-button\" href=\"https:\/\/flyfishingposts.com\/?p=4261\">Nadaljuj z branjem <i><\/i><\/a>\t\t\t<\/article>\n\t\t\t\t\t\t<article class=\"grid-post post-4219 post type-post status-publish format-standard has-post-thumbnail hentry category-uncategorized post-with-thumbnail post-with-thumbnail-large\">\n\n\t\t\t\t\t\t\t\t\t<a class=\"grid-thumbnail\" href=\"https:\/\/flyfishingposts.com\/?p=4219\">\n\t\t\t\t\t\t<img fetchpriority=\"high\" decoding=\"async\" width=\"436\" height=\"272\" src=\"https:\/\/flyfishingposts.com\/wp-content\/uploads\/2024\/09\/IMG_6555-scaled-e1725826294467-436x272.jpeg\" class=\"attachment-vantage-grid-loop size-vantage-grid-loop wp-post-image\" alt=\"\" \/>\t\t\t\t\t<\/a>\n\t\t\t\t\n\t\t\t\t<h3><a href=\"https:\/\/flyfishingposts.com\/?p=4219\">Razpis za 2. tekmo dr\u017eavnega prvenstva \u010dlanov v lovu rib z umetno muho &#8211; 15. 6. 2025, reka Sava Bohinjka, RD Bled<\/a><\/h3>\n\t\t\t\t<div class=\"excerpt\"><p>Muharska tekmovalna podkomisija (MTP)&nbsp; Razpis za 2. tekmo dr\u017eavnega prvenstva (DP)\u00a0 Po programu MTP se razpi\u0161e 2. tekma v lovu rib z umetno muho za DP, ki bo\u00a0v nedeljo 15. 6. 2025\u00a0\u00a0na reki Savi Bohinjki, v izvedbi RD Bled. Zbor bo na parkiri\u0161\u010du v Ribnem. URNIK TEKMOVANJA:&nbsp; 06.30 do 07:00 prijava, vpis&nbsp;&nbsp; 07.00 \u017erebanje&nbsp; 07.30 [&hellip;]<\/p>\n<\/div>\n\t\t\t\t\t\t\t\t<a class=\"more-button\" href=\"https:\/\/flyfishingposts.com\/?p=4219\">Nadaljuj z branjem <i><\/i><\/a>\t\t\t<\/article>\n\t\t\t\t\t\t<article class=\"grid-post post-4133 post type-post status-publish format-standard has-post-thumbnail hentry category-uncategorized post-with-thumbnail post-with-thumbnail-large\">\n\n\t\t\t\t\t\t\t\t\t<a class=\"grid-thumbnail\" href=\"https:\/\/flyfishingposts.com\/?p=4133\">\n\t\t\t\t\t\t<img fetchpriority=\"high\" decoding=\"async\" width=\"436\" height=\"272\" src=\"https:\/\/flyfishingposts.com\/wp-content\/uploads\/2024\/09\/IMG_6555-scaled-e1725826294467-436x272.jpeg\" class=\"attachment-vantage-grid-loop size-vantage-grid-loop wp-post-image\" alt=\"\" \/>\t\t\t\t\t<\/a>\n\t\t\t\t\n\t\t\t\t<h3><a href=\"https:\/\/flyfishingposts.com\/?p=4133\">Razpis za 1. tekmo dr\u017eavnega prvenstva \u010dlanov v lovu rib z umetno muho &#8211; 8. 6. 2025, reka Sora, RD Medvode<\/a><\/h3>\n\t\t\t\t<div class=\"excerpt\"><p>Rezultati iz 1. tekme DPM na reki Sori &#8211; RD Medvode Muharska tekmovalna podkomisija (MTP)&nbsp; Razpis za 1. tekmo dr\u017eavnega prvenstva (DP)&nbsp; Po programu MTP se razpi\u0161e 1. tekma v lovu rib z umetno muho za DP, ki bo&nbsp;v nedeljo 8. 6. 2025&nbsp;&nbsp;na reki Sori, v izvedbi RD Medvode. Zbor bo na parkiri\u0161\u010du pred Mercatorjem [&hellip;]<\/p>\n<\/div>\n\t\t\t\t\t\t\t\t<a class=\"more-button\" href=\"https:\/\/flyfishingposts.com\/?p=4133\">Nadaljuj z branjem <i><\/i><\/a>\t\t\t<\/article>\n\t\t\t\t\t\t\t<div class=\"clear\"><\/div>\n\t\t\t\t\t<\/div>\n\n\t\t\t<nav id=\"nav-below\" class=\"site-navigation paging-navigation\">\n\t\t\t<h2 class=\"assistive-text\">Post navigation<\/h2>\n\n\t\t\t<div class='pagination'><span aria-label=\"Stran 1\" aria-current=\"page\" class=\"page-numbers current\">1<\/span>\n<a aria-label=\"Stran 2\" class=\"page-numbers\" href=\"https:\/\/flyfishingposts.com\/index.php\/?paged=2&#038;rest_route=%2Fwp%2Fv2%2Fpages%2F2074\">2<\/a>\n<a aria-label=\"Stran 3\" class=\"page-numbers\" href=\"https:\/\/flyfishingposts.com\/index.php\/?paged=3&#038;rest_route=%2Fwp%2Fv2%2Fpages%2F2074\">3<\/a>\n<a aria-label=\"Stran 4\" class=\"page-numbers\" href=\"https:\/\/flyfishingposts.com\/index.php\/?paged=4&#038;rest_route=%2Fwp%2Fv2%2Fpages%2F2074\">4<\/a>\n<a aria-label=\"Stran 5\" class=\"page-numbers\" href=\"https:\/\/flyfishingposts.com\/index.php\/?paged=5&#038;rest_route=%2Fwp%2Fv2%2Fpages%2F2074\">5<\/a>\n<a aria-label=\"Stran 6\" class=\"page-numbers\" href=\"https:\/\/flyfishingposts.com\/index.php\/?paged=6&#038;rest_route=%2Fwp%2Fv2%2Fpages%2F2074\">6<\/a>\n<a aria-label=\"Stran 7\" class=\"page-numbers\" href=\"https:\/\/flyfishingposts.com\/index.php\/?paged=7&#038;rest_route=%2Fwp%2Fv2%2Fpages%2F2074\">7<\/a>\n<a class=\"next page-numbers\" href=\"https:\/\/flyfishingposts.com\/index.php\/?paged=2&#038;rest_route=%2Fwp%2Fv2%2Fpages%2F2074\">Naprej &raquo;<\/a><\/div>\n\n\t\t<\/nav><!-- #nav-below -->\n\t\t<\/div><\/div><\/div><\/div>","protected":false},"excerpt":{"rendered":"<p>ODPOVED tekme, datum bo dolo\u010den naknadno &#8211; Razpis za 4. tekmo dr\u017eavnega prvenstva \u010dlanov v lovu rib z umetno muho &#8211; 7. 9. 2025, reka Savinja, RD Celje Zaradi neprimernega stanje vode se tekma DP v muharjenjeu v Celju za 7. 9. 2025 ODPOVE. Novi datum bo sporo\u010den naknadno. Muharska tekmovalna podkomisija (MTP)&nbsp; Razpis za [&hellip;]<\/p>\n","protected":false},"author":1,"featured_media":0,"parent":0,"menu_order":0,"comment_status":"closed","ping_status":"closed","template":"","meta":{"_uag_custom_page_level_css":"","cybocfi_hide_featured_image":"","footnotes":""},"class_list":["post-2074","page","type-page","status-publish","hentry","post"],"a3_pvc":{"activated":true,"total_views":0,"today_views":0},"uagb_featured_image_src":{"full":false,"thumbnail":false,"medium":false,"medium_large":false,"large":false,"news_plugin_small":false,"1536x1536":false,"2048x2048":false,"xs-thumb":false,"post-thumbnail":false,"vantage-thumbnail-no-sidebar":false,"vantage-slide":false,"vantage-carousel":false,"vantage-grid-loop":false,"bdpp-medium":false,"menu-24x24":false,"menu-36x36":false,"menu-48x48":false,"woocommerce_thumbnail":false,"woocommerce_single":false,"woocommerce_gallery_thumbnail":false,"sow-carousel-default":false,"sow-blog-portfolio":false,"sow-blog-grid":false,"sow-blog-alternate":false},"uagb_author_info":{"display_name":false,"author_link":"https:\/\/flyfishingposts.com\/?author=1"},"uagb_comment_info":0,"uagb_excerpt":"ODPOVED tekme, datum bo dolo\u010den naknadno &#8211; Razpis za 4. tekmo dr\u017eavnega prvenstva \u010dlanov v lovu rib z umetno muho &#8211; 7. 9. 2025, reka Savinja, RD Celje Zaradi neprimernega stanje vode se tekma DP v muharjenjeu v Celju za 7. 9. 2025 ODPOVE. Novi datum bo sporo\u010den naknadno. Muharska tekmovalna podkomisija (MTP)&nbsp; Razpis za&hellip;","jetpack_sharing_enabled":true,"_links":{"self":[{"href":"https:\/\/flyfishingposts.com\/index.php?rest_route=\/wp\/v2\/pages\/2074","targetHints":{"allow":["GET"]}}],"collection":[{"href":"https:\/\/flyfishingposts.com\/index.php?rest_route=\/wp\/v2\/pages"}],"about":[{"href":"https:\/\/flyfishingposts.com\/index.php?rest_route=\/wp\/v2\/types\/page"}],"author":[{"embeddable":true,"href":"https:\/\/flyfishingposts.com\/index.php?rest_route=\/wp\/v2\/users\/1"}],"replies":[{"embeddable":true,"href":"https:\/\/flyfishingposts.com\/index.php?rest_route=%2Fwp%2Fv2%2Fcomments&post=2074"}],"version-history":[{"count":15,"href":"https:\/\/flyfishingposts.com\/index.php?rest_route=\/wp\/v2\/pages\/2074\/revisions"}],"predecessor-version":[{"id":2146,"href":"https:\/\/flyfishingposts.com\/index.php?rest_route=\/wp\/v2\/pages\/2074\/revisions\/2146"}],"wp:attachment":[{"href":"https:\/\/flyfishingposts.com\/index.php?rest_route=%2Fwp%2Fv2%2Fmedia&parent=2074"}],"curies":[{"name":"wp","href":"https:\/\/api.w.org\/{rel}","templated":true}]}}