{"id":1632,"date":"2023-12-08T10:29:23","date_gmt":"2023-12-08T09:29:23","guid":{"rendered":"https:\/\/flyfishingposts.com\/?page_id=1632"},"modified":"2024-07-12T10:34:53","modified_gmt":"2024-07-12T08:34:53","slug":"trenutki","status":"publish","type":"page","link":"https:\/\/flyfishingposts.com\/?page_id=1632","title":{"rendered":"Trenutki"},"content":{"rendered":"<div class=\"pvc_clear\"><\/div><p id=\"pvc_stats_1632\" class=\"pvc_stats all  \" data-element-id=\"1632\" style=\"\"><i class=\"pvc-stats-icon large\" aria-hidden=\"true\"><svg xmlns=\"http:\/\/www.w3.org\/2000\/svg\" version=\"1.0\" viewBox=\"0 0 502 315\" preserveAspectRatio=\"xMidYMid meet\"><g transform=\"translate(0,332) scale(0.1,-0.1)\" fill=\"\" stroke=\"none\"><path d=\"M2394 3279 l-29 -30 -3 -207 c-2 -182 0 -211 15 -242 39 -76 157 -76 196 0 15 31 17 60 15 243 l-3 209 -33 29 c-26 23 -41 29 -80 29 -41 0 -53 -5 -78 -31z\"\/><path d=\"M3085 3251 c-45 -19 -58 -50 -96 -229 -47 -217 -49 -260 -13 -295 52 -53 146 -42 177 20 16 31 87 366 87 410 0 70 -86 122 -155 94z\"\/><path d=\"M1751 3234 c-13 -9 -29 -31 -37 -50 -12 -29 -10 -49 21 -204 19 -94 39 -189 45 -210 14 -50 54 -80 110 -80 34 0 48 6 76 34 21 21 34 44 34 59 0 14 -18 113 -40 219 -37 178 -43 195 -70 221 -36 32 -101 37 -139 11z\"\/><path d=\"M1163 3073 c-36 -7 -73 -59 -73 -102 0 -56 133 -378 171 -413 34 -32 83 -37 129 -13 70 36 67 87 -16 290 -86 209 -89 214 -129 231 -35 14 -42 15 -82 7z\"\/><path d=\"M3689 3066 c-15 -9 -33 -30 -42 -48 -48 -103 -147 -355 -147 -375 0 -98 131 -148 192 -74 13 15 57 108 97 206 80 196 84 226 37 273 -30 30 -99 39 -137 18z\"\/><path d=\"M583 2784 c-38 -19 -67 -74 -58 -113 9 -42 211 -354 242 -373 16 -10 45 -18 66 -18 51 0 107 52 107 100 0 39 -1 41 -124 234 -80 126 -108 162 -133 173 -41 17 -61 16 -100 -3z\"\/><path d=\"M4250 2784 c-14 -9 -74 -91 -133 -183 -95 -150 -107 -173 -107 -213 0 -55 33 -94 87 -104 67 -13 90 8 211 198 130 202 137 225 78 284 -27 27 -42 34 -72 34 -22 0 -50 -8 -64 -16z\"\/><path d=\"M2275 2693 c-553 -48 -1095 -270 -1585 -649 -135 -104 -459 -423 -483 -476 -23 -49 -22 -139 2 -186 73 -142 361 -457 571 -626 285 -228 642 -407 990 -497 242 -63 336 -73 660 -74 310 0 370 5 595 52 535 111 1045 392 1455 803 122 121 250 273 275 326 19 41 19 137 0 174 -41 79 -309 363 -465 492 -447 370 -946 591 -1479 653 -113 14 -422 18 -536 8z m395 -428 c171 -34 330 -124 456 -258 112 -119 167 -219 211 -378 27 -96 24 -300 -5 -401 -72 -255 -236 -447 -474 -557 -132 -62 -201 -76 -368 -76 -167 0 -236 14 -368 76 -213 98 -373 271 -451 485 -162 444 86 934 547 1084 153 49 292 57 452 25z m909 -232 c222 -123 408 -262 593 -441 76 -74 138 -139 138 -144 0 -16 -233 -242 -330 -319 -155 -123 -309 -223 -461 -299 l-81 -41 32 46 c18 26 49 83 70 128 143 306 141 649 -6 957 -25 52 -61 116 -79 142 l-34 47 45 -20 c26 -10 76 -36 113 -56z m-2057 25 c-40 -58 -105 -190 -130 -263 -110 -324 -59 -707 132 -981 25 -35 42 -64 37 -64 -19 0 -241 119 -326 174 -188 122 -406 314 -532 468 l-58 71 108 103 c185 178 428 349 672 473 66 33 121 60 123 61 2 0 -10 -19 -26 -42z\"\/><path d=\"M2375 1950 c-198 -44 -350 -190 -395 -379 -18 -76 -8 -221 19 -290 114 -284 457 -406 731 -260 98 52 188 154 231 260 27 69 37 214 19 290 -38 163 -166 304 -326 360 -67 23 -215 33 -279 19z\"\/><\/g><\/svg><\/i> <img decoding=\"async\" width=\"16\" height=\"16\" alt=\"Loading\" src=\"https:\/\/flyfishingposts.com\/wp-content\/plugins\/page-views-count\/ajax-loader-2x.gif\" border=0 \/><\/p><div class=\"pvc_clear\"><\/div><div class=\"is-default-size wp-block-site-logo\"><a href=\"https:\/\/flyfishingposts.com\/\" class=\"custom-logo-link\" rel=\"home\"><img decoding=\"async\" width=\"150\" height=\"168\" src=\"https:\/\/flyfishingposts.com\/wp-content\/uploads\/2023\/12\/Color-logo-no-background-manjsa-1.png\" class=\"custom-logo\" alt=\"Fly Fishing Posts\" \/><\/a><\/div>\n\n<p style=\"color:#c95000;\" class=\"wp-elements-bcf3cb0763a173321404d723c5a6eeed wp-block-site-tagline has-text-color\">Objave iz sveta muharjenja \/ Posts from the world of fly fishing<\/p>\n\n\n<hr class=\"wp-block-separator has-alpha-channel-opacity\"\/>\n\n\n\n<div class=\"wp-block-media-text alignwide is-stacked-on-mobile has-background\" style=\"background-color:#4b4b4b;grid-template-columns:17% auto\"><figure class=\"wp-block-media-text__media\"><img fetchpriority=\"high\" decoding=\"async\" width=\"1024\" height=\"1024\" src=\"https:\/\/flyfishingposts.com\/wp-content\/uploads\/2024\/07\/vito_1080_1080-1024x1024.jpg\" alt=\"\" class=\"wp-image-3542 size-thumbnail\" srcset=\"https:\/\/flyfishingposts.com\/wp-content\/uploads\/2024\/07\/vito_1080_1080-1024x1024.jpg 1024w, https:\/\/flyfishingposts.com\/wp-content\/uploads\/2024\/07\/vito_1080_1080-300x300.jpg 300w, https:\/\/flyfishingposts.com\/wp-content\/uploads\/2024\/07\/vito_1080_1080-100x100.jpg 100w, https:\/\/flyfishingposts.com\/wp-content\/uploads\/2024\/07\/vito_1080_1080-600x600.jpg 600w, https:\/\/flyfishingposts.com\/wp-content\/uploads\/2024\/07\/vito_1080_1080-150x150.jpg 150w, https:\/\/flyfishingposts.com\/wp-content\/uploads\/2024\/07\/vito_1080_1080-768x768.jpg 768w, https:\/\/flyfishingposts.com\/wp-content\/uploads\/2024\/07\/vito_1080_1080-700x700.jpg 700w, https:\/\/flyfishingposts.com\/wp-content\/uploads\/2024\/07\/vito_1080_1080-64x64.jpg 64w, https:\/\/flyfishingposts.com\/wp-content\/uploads\/2024\/07\/vito_1080_1080-375x375.jpg 375w, https:\/\/flyfishingposts.com\/wp-content\/uploads\/2024\/07\/vito_1080_1080.jpg 1080w\" sizes=\"(max-width: 1024px) 100vw, 1024px\" \/><\/figure><div class=\"wp-block-media-text__content\">\n<h1 class=\"wp-block-heading has-text-color has-link-color has-medium-font-size wp-elements-a4dc419eb7f8f3776efdc41d3928dd40\" style=\"color:#c95000\">Vito in njegovo prvo muharjenje na reki Sori, RD Medvode &#8211; 11. 7. 2024<\/h1>\n\n\n\n<p style=\"font-size:15px\">Vedno me navdu\u0161ujejo mladi muharji oziroma mladi, ki radi lovijo ribe. In tudi tokrat ni bilo ni\u010d druga\u010de&#8230;<\/p>\n\n\n\n<div class=\"wp-block-buttons is-layout-flex wp-block-buttons-is-layout-flex\">\n<div class=\"wp-block-button has-custom-font-size is-style-outline has-medium-font-size is-style-outline--1\" style=\"font-style:italic;font-weight:200\"><a class=\"wp-block-button__link has-text-color has-link-color wp-element-button\" href=\"https:\/\/flyfishingposts.com\/?page_id=3514\" style=\"border-radius:15px;color:#c95000\" target=\"_blank\" rel=\"noreferrer noopener\">ve\u010d v besedi in sliki&#8230;<\/a><\/div>\n<\/div>\n<\/div><\/div>\n\n\n\n<div class=\"wp-block-media-text alignwide is-stacked-on-mobile has-background\" style=\"background-color:#4b4b4b;grid-template-columns:17% auto\"><figure class=\"wp-block-media-text__media\"><img loading=\"lazy\" decoding=\"async\" width=\"1024\" height=\"1024\" src=\"https:\/\/flyfishingposts.com\/wp-content\/uploads\/2024\/05\/trenutki-1024x1024.jpeg\" alt=\"\" class=\"wp-image-2828 size-thumbnail\" srcset=\"https:\/\/flyfishingposts.com\/wp-content\/uploads\/2024\/05\/trenutki-1024x1024.jpeg 1024w, https:\/\/flyfishingposts.com\/wp-content\/uploads\/2024\/05\/trenutki-300x300.jpeg 300w, https:\/\/flyfishingposts.com\/wp-content\/uploads\/2024\/05\/trenutki-100x100.jpeg 100w, https:\/\/flyfishingposts.com\/wp-content\/uploads\/2024\/05\/trenutki-600x600.jpeg 600w, https:\/\/flyfishingposts.com\/wp-content\/uploads\/2024\/05\/trenutki-150x150.jpeg 150w, https:\/\/flyfishingposts.com\/wp-content\/uploads\/2024\/05\/trenutki-768x768.jpeg 768w, https:\/\/flyfishingposts.com\/wp-content\/uploads\/2024\/05\/trenutki-700x700.jpeg 700w, https:\/\/flyfishingposts.com\/wp-content\/uploads\/2024\/05\/trenutki-64x64.jpeg 64w, https:\/\/flyfishingposts.com\/wp-content\/uploads\/2024\/05\/trenutki-375x375.jpeg 375w, https:\/\/flyfishingposts.com\/wp-content\/uploads\/2024\/05\/trenutki.jpeg 1080w\" sizes=\"(max-width: 1024px) 100vw, 1024px\" \/><\/figure><div class=\"wp-block-media-text__content\">\n<h1 class=\"wp-block-heading has-text-color has-link-color has-medium-font-size wp-elements-3edac306742be4dbdeb257be1851accd\" style=\"color:#c95000\">So\u010da in Tolminka &#8211; 28. in 29. 4. 2024<\/h1>\n\n\n\n<p style=\"font-size:15px\">Reka So\u010da je nekaj kar s svojo lepoto in barvo o\u010dara vsakogar. In kot vedno, je ponovno tudi mene&#8230;<\/p>\n\n\n\n<div class=\"wp-block-buttons is-layout-flex wp-block-buttons-is-layout-flex\">\n<div class=\"wp-block-button has-custom-font-size is-style-outline has-medium-font-size is-style-outline--2\" style=\"font-style:italic;font-weight:200\"><a class=\"wp-block-button__link has-text-color has-link-color wp-element-button\" href=\"https:\/\/flyfishingposts.com\/?page_id=2804\" style=\"border-radius:15px;color:#c95000\" target=\"_blank\" rel=\"noreferrer noopener\">ve\u010d v besedi in sliki&#8230;<\/a><\/div>\n<\/div>\n<\/div><\/div>\n\n\n\n<div class=\"wp-block-media-text alignwide is-stacked-on-mobile has-background\" style=\"background-color:#4b4b4b;grid-template-columns:17% auto\"><figure class=\"wp-block-media-text__media\"><img loading=\"lazy\" decoding=\"async\" width=\"150\" height=\"150\" src=\"https:\/\/flyfishingposts.com\/wp-content\/uploads\/2024\/03\/IMG_5078-1-150x150.jpeg\" alt=\"\" class=\"wp-image-2594 size-thumbnail\" srcset=\"https:\/\/flyfishingposts.com\/wp-content\/uploads\/2024\/03\/IMG_5078-1-150x150.jpeg 150w, https:\/\/flyfishingposts.com\/wp-content\/uploads\/2024\/03\/IMG_5078-1-scaled-300x300.jpeg 300w, https:\/\/flyfishingposts.com\/wp-content\/uploads\/2024\/03\/IMG_5078-1-scaled-100x100.jpeg 100w, https:\/\/flyfishingposts.com\/wp-content\/uploads\/2024\/03\/IMG_5078-1-700x700.jpeg 700w, https:\/\/flyfishingposts.com\/wp-content\/uploads\/2024\/03\/IMG_5078-1-64x64.jpeg 64w, https:\/\/flyfishingposts.com\/wp-content\/uploads\/2024\/03\/IMG_5078-1-375x375.jpeg 375w\" sizes=\"(max-width: 150px) 100vw, 150px\" \/><\/figure><div class=\"wp-block-media-text__content\">\n<h1 class=\"wp-block-heading has-text-color has-link-color has-medium-font-size wp-elements-afd56c00482e84fd98428c3a552c8e88\" style=\"color:#c95000\">Za\u010detek sezone 2024 na Krki &#8211; 1. 3. 2024<\/h1>\n\n\n\n<p style=\"font-size:15px\">Jutro 1. 3. 2024 se je za\u010delo de\u017eevno, kar je bilo tudi napovedano v vremenski napovedi&#8230;<\/p>\n\n\n\n<div class=\"wp-block-buttons is-layout-flex wp-block-buttons-is-layout-flex\">\n<div class=\"wp-block-button has-custom-font-size is-style-outline has-medium-font-size is-style-outline--3\" style=\"font-style:italic;font-weight:200\"><a class=\"wp-block-button__link has-text-color has-link-color wp-element-button\" href=\"https:\/\/flyfishingposts.com\/?page_id=2561\" style=\"border-radius:15px;color:#c95000\" target=\"_blank\" rel=\"noreferrer noopener\">ve\u010d v besedi in sliki&#8230;<\/a><\/div>\n<\/div>\n<\/div><\/div>\n\n\n\n<div class=\"wp-block-media-text alignwide is-stacked-on-mobile has-background\" style=\"background-color:#4b4b4b;grid-template-columns:17% auto\"><figure class=\"wp-block-media-text__media\"><img loading=\"lazy\" decoding=\"async\" width=\"1000\" height=\"1000\" src=\"https:\/\/flyfishingposts.com\/wp-content\/uploads\/2023\/12\/Krka_slika-za-link.jpeg\" alt=\"\" class=\"wp-image-1655 size-full\" srcset=\"https:\/\/flyfishingposts.com\/wp-content\/uploads\/2023\/12\/Krka_slika-za-link.jpeg 1000w, https:\/\/flyfishingposts.com\/wp-content\/uploads\/2023\/12\/Krka_slika-za-link-300x300.jpeg 300w, https:\/\/flyfishingposts.com\/wp-content\/uploads\/2023\/12\/Krka_slika-za-link-100x100.jpeg 100w, https:\/\/flyfishingposts.com\/wp-content\/uploads\/2023\/12\/Krka_slika-za-link-600x600.jpeg 600w, https:\/\/flyfishingposts.com\/wp-content\/uploads\/2023\/12\/Krka_slika-za-link-150x150.jpeg 150w, https:\/\/flyfishingposts.com\/wp-content\/uploads\/2023\/12\/Krka_slika-za-link-768x768.jpeg 768w, https:\/\/flyfishingposts.com\/wp-content\/uploads\/2023\/12\/Krka_slika-za-link-700x700.jpeg 700w, https:\/\/flyfishingposts.com\/wp-content\/uploads\/2023\/12\/Krka_slika-za-link-375x375.jpeg 375w\" sizes=\"(max-width: 1000px) 100vw, 1000px\" \/><\/figure><div class=\"wp-block-media-text__content\">\n<h1 class=\"wp-block-heading has-text-color has-link-color has-medium-font-size wp-elements-9bb68f452f2eb57944aaebe91a633745\" style=\"color:#c95000\">Jesenski trenutki na Krki \u2013 24. 11. 2023<\/h1>\n\n\n\n<p style=\"font-size:15px\">Reka Krk in \u010dudovit jesenski dan, vodostaj okoli 47 cm, ni dvoma, gremo. S prijateljem&#8230;<\/p>\n\n\n\n<div class=\"wp-block-buttons is-layout-flex wp-block-buttons-is-layout-flex\">\n<div class=\"wp-block-button has-custom-font-size is-style-outline has-medium-font-size is-style-outline--4\" style=\"font-style:italic;font-weight:200\"><a class=\"wp-block-button__link has-text-color has-link-color wp-element-button\" href=\"https:\/\/flyfishingposts.com\/?page_id=326\" style=\"border-radius:15px;color:#c95000\" target=\"_blank\" rel=\"noreferrer noopener\">ve\u010d v besedi in sliki&#8230;<\/a><\/div>\n<\/div>\n<\/div><\/div>\n\n\n\n<div class=\"wp-block-media-text alignwide is-stacked-on-mobile has-background\" style=\"background-color:#4b4b4b;grid-template-columns:17% auto\"><figure class=\"wp-block-media-text__media\"><img loading=\"lazy\" decoding=\"async\" width=\"1000\" height=\"1000\" src=\"https:\/\/flyfishingposts.com\/wp-content\/uploads\/2023\/12\/Jesenice-2023_slika-za-link.jpeg\" alt=\"\" class=\"wp-image-1663 size-full\" srcset=\"https:\/\/flyfishingposts.com\/wp-content\/uploads\/2023\/12\/Jesenice-2023_slika-za-link.jpeg 1000w, https:\/\/flyfishingposts.com\/wp-content\/uploads\/2023\/12\/Jesenice-2023_slika-za-link-300x300.jpeg 300w, https:\/\/flyfishingposts.com\/wp-content\/uploads\/2023\/12\/Jesenice-2023_slika-za-link-100x100.jpeg 100w, https:\/\/flyfishingposts.com\/wp-content\/uploads\/2023\/12\/Jesenice-2023_slika-za-link-600x600.jpeg 600w, https:\/\/flyfishingposts.com\/wp-content\/uploads\/2023\/12\/Jesenice-2023_slika-za-link-150x150.jpeg 150w, https:\/\/flyfishingposts.com\/wp-content\/uploads\/2023\/12\/Jesenice-2023_slika-za-link-768x768.jpeg 768w, https:\/\/flyfishingposts.com\/wp-content\/uploads\/2023\/12\/Jesenice-2023_slika-za-link-700x700.jpeg 700w, https:\/\/flyfishingposts.com\/wp-content\/uploads\/2023\/12\/Jesenice-2023_slika-za-link-375x375.jpeg 375w\" sizes=\"(max-width: 1000px) 100vw, 1000px\" \/><\/figure><div class=\"wp-block-media-text__content\">\n<h1 class=\"wp-block-heading has-text-color has-link-color has-medium-font-size wp-elements-04b8ab688e69dc8e190f8a4cd2433379\" style=\"color:#c95000\">Ribolov na jezeru Jesenice &#8211; 8. 7. in 9. 7. 2023<\/h1>\n\n\n\n<p style=\"font-size:15px\">prijateljem Franti\u0161ek Hanakom sva se na vro\u010di julijski vikend odlo\u010dila, da preizkusiva muharske&#8230;<\/p>\n\n\n\n<div class=\"wp-block-buttons is-layout-flex wp-block-buttons-is-layout-flex\">\n<div class=\"wp-block-button has-custom-font-size is-style-outline has-medium-font-size is-style-outline--5\" style=\"font-style:italic;font-weight:200\"><a class=\"wp-block-button__link has-text-color has-link-color wp-element-button\" href=\"https:\/\/flyfishingposts.com\/?page_id=302\" style=\"border-radius:15px;color:#c95000\" target=\"_blank\" rel=\"noreferrer noopener\">ve\u010d v besedi in sliki&#8230;<\/a><\/div>\n<\/div>\n<\/div><\/div>\n\n\n<nav style=\"color: #c95000;\" class=\"has-text-color is-responsive items-justified-center wp-block-navigation is-content-justification-center is-layout-flex wp-container-core-navigation-is-layout-5590e8cb wp-block-navigation-is-layout-flex\" aria-label=\"Header Menu #1\" \n\t\t data-wp-interactive=\"core\/navigation\" data-wp-context='{\"overlayOpenedBy\":{\"click\":false,\"hover\":false,\"focus\":false},\"type\":\"overlay\",\"roleAttribute\":\"\",\"ariaLabel\":\"Meni\"}'><button aria-haspopup=\"dialog\" aria-label=\"Odpri meni\" class=\"wp-block-navigation__responsive-container-open\" \n\t\t\t\tdata-wp-on--click=\"actions.openMenuOnClick\"\n\t\t\t\tdata-wp-on--keydown=\"actions.handleMenuKeydown\"\n\t\t\t><svg width=\"24\" height=\"24\" xmlns=\"http:\/\/www.w3.org\/2000\/svg\" viewBox=\"0 0 24 24\" aria-hidden=\"true\" focusable=\"false\"><path d=\"M4 7.5h16v1.5H4z\"><\/path><path d=\"M4 15h16v1.5H4z\"><\/path><\/svg><\/button>\n\t\t\t\t<div class=\"wp-block-navigation__responsive-container\"  id=\"modal-6\" \n\t\t\t\tdata-wp-class--has-modal-open=\"state.isMenuOpen\"\n\t\t\t\tdata-wp-class--is-menu-open=\"state.isMenuOpen\"\n\t\t\t\tdata-wp-watch=\"callbacks.initMenu\"\n\t\t\t\tdata-wp-on--keydown=\"actions.handleMenuKeydown\"\n\t\t\t\tdata-wp-on--focusout=\"actions.handleMenuFocusout\"\n\t\t\t\ttabindex=\"-1\"\n\t\t\t>\n\t\t\t\t\t<div class=\"wp-block-navigation__responsive-close\" tabindex=\"-1\">\n\t\t\t\t\t\t<div class=\"wp-block-navigation__responsive-dialog\" \n\t\t\t\tdata-wp-bind--aria-modal=\"state.ariaModal\"\n\t\t\t\tdata-wp-bind--aria-label=\"state.ariaLabel\"\n\t\t\t\tdata-wp-bind--role=\"state.roleAttribute\"\n\t\t\t>\n\t\t\t\t\t\t\t<button aria-label=\"Zapri meni\" class=\"wp-block-navigation__responsive-container-close\" \n\t\t\t\tdata-wp-on--click=\"actions.closeMenuOnClick\"\n\t\t\t><svg xmlns=\"http:\/\/www.w3.org\/2000\/svg\" viewBox=\"0 0 24 24\" width=\"24\" height=\"24\" aria-hidden=\"true\" focusable=\"false\"><path d=\"m13.06 12 6.47-6.47-1.06-1.06L12 10.94 5.53 4.47 4.47 5.53 10.94 12l-6.47 6.47 1.06 1.06L12 13.06l6.47 6.47 1.06-1.06L13.06 12Z\"><\/path><\/svg><\/button>\n\t\t\t\t\t\t\t<div class=\"wp-block-navigation__responsive-container-content\" \n\t\t\t\tdata-wp-watch=\"callbacks.focusFirstElement\"\n\t\t\t id=\"modal-6-content\">\n\t\t\t\t\t\t\t\t<ul style=\"color: #c95000;\" class=\"wp-block-navigation__container has-text-color is-responsive items-justified-center wp-block-navigation\"><li class=\" wp-block-navigation-item wp-block-navigation-link\"><a class=\"wp-block-navigation-item__content\"  href=\"https:\/\/flyfishingposts.com\/\"><span class=\"wp-block-navigation-item__label\">Domov<\/span><\/a><\/li><li class=\" wp-block-navigation-item wp-block-navigation-link\"><a class=\"wp-block-navigation-item__content\"  href=\"https:\/\/flyfishingposts.com\/?page_id=1632\"><span class=\"wp-block-navigation-item__label\">Trenutki<\/span><\/a><\/li><li class=\" wp-block-navigation-item wp-block-navigation-link\"><a class=\"wp-block-navigation-item__content\"  href=\"https:\/\/flyfishingposts.com\/?page_id=191\"><span class=\"wp-block-navigation-item__label\">Vezanje<\/span><\/a><\/li><li class=\" wp-block-navigation-item wp-block-navigation-link\"><a class=\"wp-block-navigation-item__content\"  href=\"https:\/\/flyfishingposts.com\/?page_id=206\"><span class=\"wp-block-navigation-item__label\">Fotogalerija<\/span><\/a><\/li><li class=\" wp-block-navigation-item wp-block-navigation-link\"><a class=\"wp-block-navigation-item__content\"  href=\"https:\/\/flyfishingposts.com\/?page_id=552\"><span class=\"wp-block-navigation-item__label\">Videoposnetki<\/span><\/a><\/li><\/ul>\n\t\t\t\t\t\t\t<\/div>\n\t\t\t\t\t\t<\/div>\n\t\t\t\t\t<\/div>\n\t\t\t\t<\/div><\/nav>","protected":false},"excerpt":{"rendered":"","protected":false},"author":1,"featured_media":0,"parent":0,"menu_order":0,"comment_status":"closed","ping_status":"closed","template":"","meta":{"_uag_custom_page_level_css":"","cybocfi_hide_featured_image":"","footnotes":""},"class_list":["post-1632","page","type-page","status-publish","hentry","post"],"a3_pvc":{"activated":true,"total_views":400,"today_views":0},"uagb_featured_image_src":{"full":false,"thumbnail":false,"medium":false,"medium_large":false,"large":false,"news_plugin_small":false,"1536x1536":false,"2048x2048":false,"xs-thumb":false,"post-thumbnail":false,"vantage-thumbnail-no-sidebar":false,"vantage-slide":false,"vantage-carousel":false,"vantage-grid-loop":false,"bdpp-medium":false,"menu-24x24":false,"menu-36x36":false,"menu-48x48":false,"woocommerce_thumbnail":false,"woocommerce_single":false,"woocommerce_gallery_thumbnail":false,"sow-carousel-default":false,"sow-blog-portfolio":false,"sow-blog-grid":false,"sow-blog-alternate":false},"uagb_author_info":{"display_name":false,"author_link":"https:\/\/flyfishingposts.com\/?author=1"},"uagb_comment_info":0,"uagb_excerpt":null,"jetpack_sharing_enabled":true,"_links":{"self":[{"href":"https:\/\/flyfishingposts.com\/index.php?rest_route=\/wp\/v2\/pages\/1632","targetHints":{"allow":["GET"]}}],"collection":[{"href":"https:\/\/flyfishingposts.com\/index.php?rest_route=\/wp\/v2\/pages"}],"about":[{"href":"https:\/\/flyfishingposts.com\/index.php?rest_route=\/wp\/v2\/types\/page"}],"author":[{"embeddable":true,"href":"https:\/\/flyfishingposts.com\/index.php?rest_route=\/wp\/v2\/users\/1"}],"replies":[{"embeddable":true,"href":"https:\/\/flyfishingposts.com\/index.php?rest_route=%2Fwp%2Fv2%2Fcomments&post=1632"}],"version-history":[{"count":47,"href":"https:\/\/flyfishingposts.com\/index.php?rest_route=\/wp\/v2\/pages\/1632\/revisions"}],"predecessor-version":[{"id":3544,"href":"https:\/\/flyfishingposts.com\/index.php?rest_route=\/wp\/v2\/pages\/1632\/revisions\/3544"}],"wp:attachment":[{"href":"https:\/\/flyfishingposts.com\/index.php?rest_route=%2Fwp%2Fv2%2Fmedia&parent=1632"}],"curies":[{"name":"wp","href":"https:\/\/api.w.org\/{rel}","templated":true}]}}